{"id":44,"date":"2026-02-04T19:54:32","date_gmt":"2026-02-04T19:54:32","guid":{"rendered":"https:\/\/mastetelte.dk\/?page_id=44"},"modified":"2026-02-04T19:55:33","modified_gmt":"2026-02-04T19:55:33","slug":"regler-mastetelt","status":"publish","type":"page","link":"https:\/\/mastetelte.dk\/index.php\/regler-mastetelt\/","title":{"rendered":"Regler Mastetelt"},"content":{"rendered":"\n<div class=\"et_d4_element et_pb_section et_pb_section_0  et_pb_css_mix_blend_mode et_section_regular et_block_section\" >\n\t\t\t\t\n\t\t\t\t\n\t\t\t\t\n\t\t\t\t\n\t\t\t\t\n\t\t\t\t\n\t\t\t\t<div class=\"et_d4_element et_pb_row et_pb_row_0  et_pb_css_mix_blend_mode et_block_row\">\n\t\t\t\t<div class=\"et_d4_element et_pb_column_4_4 et_pb_column et_pb_column_0  et_pb_css_mix_blend_mode et-last-child et_block_column\">\n\t\t\t\t\n\t\t\t\t\n\t\t\t\t\n\t\t\t\t\n\t\t\t\t<div class=\"et_pb_module et_d4_element et_pb_text et_pb_text_0  et_pb_text_align_left et_pb_bg_layout_light\">\n\t\t\t\t\n\t\t\t\t\n\t\t\t\t\n\t\t\t\t\n\t\t\t\t<div class=\"et_pb_text_inner\"><h2 data-path-to-node=\"2\">Regler for opstilling af midlertidige konstruktioner som Mastetelte<\/h2>\n<p data-path-to-node=\"3\">N\u00e5r du planl\u00e6gger at opstille et professionelt stort <b data-path-to-node=\"3\" data-index-in-node=\"33\">telt<\/b>, skal du f\u00f8rst og fremmest afg\u00f8re, om konstruktionen kr\u00e6ver en byggetilladelse eller er omfattet af en certificeringsordning. Et certificeret <b data-path-to-node=\"3\" data-index-in-node=\"185\">mastetelt<\/b> kan opstilles uden fornyet tilladelse fra kommunen, s\u00e5 l\u00e6nge ops\u00e6tningen f\u00f8lger de tekniske anvisninger i teltets inspektionsbog.<\/p>\n<p data-path-to-node=\"3\"><\/p>\n<h3 data-path-to-node=\"4\">De vigtigste krav i korte tr\u00e6k:<\/h3>\n<ul data-path-to-node=\"5\">\n<li>\n<p data-path-to-node=\"5,0,0\"><b data-path-to-node=\"5,0,0\" data-index-in-node=\"0\">Certificering:<\/b> For at undg\u00e5 byggesagsbehandling hver gang, benytter mange professionelle udlejere et certificeret <b data-path-to-node=\"5,0,0\" data-index-in-node=\"114\">mastetelt<\/b>, som er godkendt af en instans som Teknologisk Institut.<\/p>\n<\/li>\n<li>\n<p data-path-to-node=\"5,1,0\"><b data-path-to-node=\"5,1,0\" data-index-in-node=\"0\">Brandsikkerhed:<\/b> Der skal sikres frie flugtveje og benyttes brandh\u00e6mmende materialer. Ved st\u00f8rre arrangementer med over 150 personer skal der udarbejdes en pladsfordelingsplan for indretningen dit <b data-path-to-node=\"5,1,0\" data-index-in-node=\"183\">mastetelt<\/b>.<\/p>\n<\/li>\n<li>\n<p data-path-to-node=\"5,2,0\"><b data-path-to-node=\"5,2,0\" data-index-in-node=\"0\">Forankring og stabilitet:<\/b> Da konstruktionen er afh\u00e6ngig af centrale master og barduner, er det afg\u00f8rende, at et <b data-path-to-node=\"5,2,0\" data-index-in-node=\"112\">mastetelt<\/b> forankres korrekt i jorden for at modst\u00e5 vindbelastning i overensstemmelse med de statiske beregninger. Hvis teltet er certificeret st\u00e5r der i certificeringen hvor meget pl\u00f8kkene skal kunne holde til i tr\u00e6kbelastning.<\/p>\n<\/li>\n<li>\n<p data-path-to-node=\"5,3,0\"><b data-path-to-node=\"5,3,0\" data-index-in-node=\"0\">Placering:<\/b> Der skal holdes en sikkerhedsafstand til skel og andre bygninger (typisk 5-10 meter) for at mindske risikoen for brandspredning.<\/p>\n<\/li>\n<\/ul>\n<p data-path-to-node=\"6\">Husk, at hvis teltet skal st\u00e5 opstillet i mere end 6 uger, betragtes det som en fast konstruktion, hvilket kr\u00e6ver en almindelig byggetilladelse hos kommunen.<\/p>\n<p data-path-to-node=\"6\">Brug din udlejer som vejleder i ovenst\u00e5ende, og v\u00e6r sikker p\u00e5 at de har check p\u00e5 tingene.<\/p>\n<p data-path-to-node=\"6\"><\/p><\/div>\n\t\t\t<\/div>\n\t\t\t<\/div>\n\t\t\t\t\n\t\t\t\t\n\t\t\t\t\n\t\t\t\t\n\t\t\t<\/div><div class=\"et_d4_element et_pb_row et_pb_row_1  et_pb_css_mix_blend_mode et_block_row\">\n\t\t\t\t<div class=\"et_d4_element et_pb_column_4_4 et_pb_column et_pb_column_1  et_pb_css_mix_blend_mode et-last-child et_block_column\">\n\t\t\t\t\n\t\t\t\t\n\t\t\t\t\n\t\t\t\t\n\t\t\t\t<div class=\"et_pb_module et_d4_element et_pb_image et_pb_image_0\">\n\t\t\t\t\n\t\t\t\t\n\t\t\t\t\n\t\t\t\t\n\t\t\t\t<span class=\"et_pb_image_wrap \"><img loading=\"lazy\" decoding=\"async\" width=\"976\" height=\"650\" src=\"https:\/\/mastetelte.dk\/wp-content\/uploads\/2026\/02\/mastetelt-2016-mange-mastetelte-i-Danmark.jpg\" alt=\"\" title=\"mastetelt 2016 - mange mastetelte i Danmark\" srcset=\"https:\/\/mastetelte.dk\/wp-content\/uploads\/2026\/02\/mastetelt-2016-mange-mastetelte-i-Danmark.jpg 976w, https:\/\/mastetelte.dk\/wp-content\/uploads\/2026\/02\/mastetelt-2016-mange-mastetelte-i-Danmark-480x320.jpg 480w\" sizes=\"(min-width: 0px) and (max-width: 480px) 480px, (min-width: 481px) 976px, 100vw\" class=\"wp-image-48\" \/><\/span>\n\t\t\t<\/div>\n\t\t\t<\/div>\n\t\t\t\t\n\t\t\t\t\n\t\t\t\t\n\t\t\t\t\n\t\t\t<\/div>\n\t\t\t\t\n\t\t\t\t\n\t\t\t<\/div>\n","protected":false},"excerpt":{"rendered":"","protected":false},"author":3,"featured_media":0,"parent":0,"menu_order":0,"comment_status":"closed","ping_status":"closed","template":"","meta":{"_et_pb_use_builder":"on","_et_pb_old_content":"","_et_gb_content_width":"","footnotes":""},"class_list":["post-44","page","type-page","status-publish","hentry"],"yoast_head":"<!-- This site is optimized with the Yoast SEO plugin v27.3 - https:\/\/yoast.com\/product\/yoast-seo-wordpress\/ -->\n<title>Regler Mastetelt - Maste Telte<\/title>\n<meta name=\"description\" content=\"Hvad er reglerne for mastetelte. Hvordan m\u00e5 de s\u00e6ttes op og hvad er lovgivningen n\u00e5r man ops\u00e6tter et mastetelt?\" \/>\n<meta name=\"robots\" content=\"index, follow, max-snippet:-1, max-image-preview:large, max-video-preview:-1\" \/>\n<link rel=\"canonical\" href=\"https:\/\/mastetelte.dk\/index.php\/regler-mastetelt\/\" \/>\n<meta property=\"og:locale\" content=\"en_US\" \/>\n<meta property=\"og:type\" content=\"article\" \/>\n<meta property=\"og:title\" content=\"Regler Mastetelt - Maste Telte\" \/>\n<meta property=\"og:description\" content=\"Hvad er reglerne for mastetelte. Hvordan m\u00e5 de s\u00e6ttes op og hvad er lovgivningen n\u00e5r man ops\u00e6tter et mastetelt?\" \/>\n<meta property=\"og:url\" content=\"https:\/\/mastetelte.dk\/index.php\/regler-mastetelt\/\" \/>\n<meta property=\"og:site_name\" content=\"Maste Telte\" \/>\n<meta property=\"article:modified_time\" content=\"2026-02-04T19:55:33+00:00\" \/>\n<meta name=\"twitter:card\" content=\"summary_large_image\" \/>\n<meta name=\"twitter:label1\" content=\"Est. reading time\" \/>\n\t<meta name=\"twitter:data1\" content=\"2 minutes\" \/>\n<script type=\"application\/ld+json\" class=\"yoast-schema-graph\">{\"@context\":\"https:\\\/\\\/schema.org\",\"@graph\":[{\"@type\":\"WebPage\",\"@id\":\"https:\\\/\\\/mastetelte.dk\\\/index.php\\\/regler-mastetelt\\\/\",\"url\":\"https:\\\/\\\/mastetelte.dk\\\/index.php\\\/regler-mastetelt\\\/\",\"name\":\"Regler Mastetelt - Maste Telte\",\"isPartOf\":{\"@id\":\"https:\\\/\\\/mastetelte.dk\\\/#website\"},\"datePublished\":\"2026-02-04T19:54:32+00:00\",\"dateModified\":\"2026-02-04T19:55:33+00:00\",\"description\":\"Hvad er reglerne for mastetelte. Hvordan m\u00e5 de s\u00e6ttes op og hvad er lovgivningen n\u00e5r man ops\u00e6tter et mastetelt?\",\"breadcrumb\":{\"@id\":\"https:\\\/\\\/mastetelte.dk\\\/index.php\\\/regler-mastetelt\\\/#breadcrumb\"},\"inLanguage\":\"en-US\",\"potentialAction\":[{\"@type\":\"ReadAction\",\"target\":[\"https:\\\/\\\/mastetelte.dk\\\/index.php\\\/regler-mastetelt\\\/\"]}]},{\"@type\":\"BreadcrumbList\",\"@id\":\"https:\\\/\\\/mastetelte.dk\\\/index.php\\\/regler-mastetelt\\\/#breadcrumb\",\"itemListElement\":[{\"@type\":\"ListItem\",\"position\":1,\"name\":\"Home\",\"item\":\"https:\\\/\\\/mastetelte.dk\\\/\"},{\"@type\":\"ListItem\",\"position\":2,\"name\":\"Regler Mastetelt\"}]},{\"@type\":\"WebSite\",\"@id\":\"https:\\\/\\\/mastetelte.dk\\\/#website\",\"url\":\"https:\\\/\\\/mastetelte.dk\\\/\",\"name\":\"Maste Telte\",\"description\":\"Alt du vil vide hvis du skal leje et mastetelt\",\"potentialAction\":[{\"@type\":\"SearchAction\",\"target\":{\"@type\":\"EntryPoint\",\"urlTemplate\":\"https:\\\/\\\/mastetelte.dk\\\/?s={search_term_string}\"},\"query-input\":{\"@type\":\"PropertyValueSpecification\",\"valueRequired\":true,\"valueName\":\"search_term_string\"}}],\"inLanguage\":\"en-US\"}]}<\/script>\n<!-- \/ Yoast SEO plugin. -->","yoast_head_json":{"title":"Regler Mastetelt - Maste Telte","description":"Hvad er reglerne for mastetelte. Hvordan m\u00e5 de s\u00e6ttes op og hvad er lovgivningen n\u00e5r man ops\u00e6tter et mastetelt?","robots":{"index":"index","follow":"follow","max-snippet":"max-snippet:-1","max-image-preview":"max-image-preview:large","max-video-preview":"max-video-preview:-1"},"canonical":"https:\/\/mastetelte.dk\/index.php\/regler-mastetelt\/","og_locale":"en_US","og_type":"article","og_title":"Regler Mastetelt - Maste Telte","og_description":"Hvad er reglerne for mastetelte. Hvordan m\u00e5 de s\u00e6ttes op og hvad er lovgivningen n\u00e5r man ops\u00e6tter et mastetelt?","og_url":"https:\/\/mastetelte.dk\/index.php\/regler-mastetelt\/","og_site_name":"Maste Telte","article_modified_time":"2026-02-04T19:55:33+00:00","twitter_card":"summary_large_image","twitter_misc":{"Est. reading time":"2 minutes"},"schema":{"@context":"https:\/\/schema.org","@graph":[{"@type":"WebPage","@id":"https:\/\/mastetelte.dk\/index.php\/regler-mastetelt\/","url":"https:\/\/mastetelte.dk\/index.php\/regler-mastetelt\/","name":"Regler Mastetelt - Maste Telte","isPartOf":{"@id":"https:\/\/mastetelte.dk\/#website"},"datePublished":"2026-02-04T19:54:32+00:00","dateModified":"2026-02-04T19:55:33+00:00","description":"Hvad er reglerne for mastetelte. Hvordan m\u00e5 de s\u00e6ttes op og hvad er lovgivningen n\u00e5r man ops\u00e6tter et mastetelt?","breadcrumb":{"@id":"https:\/\/mastetelte.dk\/index.php\/regler-mastetelt\/#breadcrumb"},"inLanguage":"en-US","potentialAction":[{"@type":"ReadAction","target":["https:\/\/mastetelte.dk\/index.php\/regler-mastetelt\/"]}]},{"@type":"BreadcrumbList","@id":"https:\/\/mastetelte.dk\/index.php\/regler-mastetelt\/#breadcrumb","itemListElement":[{"@type":"ListItem","position":1,"name":"Home","item":"https:\/\/mastetelte.dk\/"},{"@type":"ListItem","position":2,"name":"Regler Mastetelt"}]},{"@type":"WebSite","@id":"https:\/\/mastetelte.dk\/#website","url":"https:\/\/mastetelte.dk\/","name":"Maste Telte","description":"Alt du vil vide hvis du skal leje et mastetelt","potentialAction":[{"@type":"SearchAction","target":{"@type":"EntryPoint","urlTemplate":"https:\/\/mastetelte.dk\/?s={search_term_string}"},"query-input":{"@type":"PropertyValueSpecification","valueRequired":true,"valueName":"search_term_string"}}],"inLanguage":"en-US"}]}},"_links":{"self":[{"href":"https:\/\/mastetelte.dk\/index.php\/wp-json\/wp\/v2\/pages\/44","targetHints":{"allow":["GET"]}}],"collection":[{"href":"https:\/\/mastetelte.dk\/index.php\/wp-json\/wp\/v2\/pages"}],"about":[{"href":"https:\/\/mastetelte.dk\/index.php\/wp-json\/wp\/v2\/types\/page"}],"author":[{"embeddable":true,"href":"https:\/\/mastetelte.dk\/index.php\/wp-json\/wp\/v2\/users\/3"}],"replies":[{"embeddable":true,"href":"https:\/\/mastetelte.dk\/index.php\/wp-json\/wp\/v2\/comments?post=44"}],"version-history":[{"count":5,"href":"https:\/\/mastetelte.dk\/index.php\/wp-json\/wp\/v2\/pages\/44\/revisions"}],"predecessor-version":[{"id":51,"href":"https:\/\/mastetelte.dk\/index.php\/wp-json\/wp\/v2\/pages\/44\/revisions\/51"}],"wp:attachment":[{"href":"https:\/\/mastetelte.dk\/index.php\/wp-json\/wp\/v2\/media?parent=44"}],"curies":[{"name":"wp","href":"https:\/\/api.w.org\/{rel}","templated":true}]}}